{"id":7,"date":"2021-02-02T12:21:54","date_gmt":"2021-02-02T11:21:54","guid":{"rendered":"http:\/\/camy.pl\/?page_id=7"},"modified":"2023-10-11T09:55:13","modified_gmt":"2023-10-11T07:55:13","slug":"studio-projektow-camy","status":"publish","type":"page","link":"https:\/\/camy.pl\/","title":{"rendered":"Co robimy?"},"content":{"rendered":"\n<p>G\u0142\u00f3wnym obszarem dzia\u0142ania studia projektowego CAMY jest wdra\u017canie us\u0142ugi i produkt\u00f3w ekologicznych. <\/p>\n\n\n\n<p>Tworzymy i wdra\u017camy w \u017cycie koncepcj\u0119 samowystarczalnego ma\u0142ego gospodarstwa ekologicznego. Wzorcowym przyk\u0142adem s\u0105 Anielskie Ogrody.<\/p>\n\n\n\n<p>Tworzymy platform\u0119 edukacyjn\u0105 Akademia Anielskich Ogrod\u00f3w.<\/p>\n\n\n\n<p>Akademia Anielskich Ogrod\u00f3w: warsztaty i pokazy ogrodnictwa ekologicznego w ogrodzie przydomowym, szkolenia i kursy ogrodnicze przez internet, rolnictwo ekologiczne, permakultura, agrole\u015bnictwo. Realizujemy kursy ogrodnictwa ekologicznego w ramach Internetowej Akademii Anielskich Ogrod\u00f3w.<\/p>\n\n\n\n<p>Wsp\u00f3\u0142praca, tworzenie, marketing, reklama i public relations w zakresie produkt\u00f3w, us\u0142ug, wydawnictw oraz informacji o tematyce ekologicznej i ogrodowej. Zajmujemy si\u0119 te\u017c wdro\u017ceniem nowych produkt\u00f3w i us\u0142ug dla firm. Klienci uzyskuj\u0105 zewn\u0119trzne wsparcie marketingowe dla koncepcji i pomys\u0142\u00f3w. Tworzymy koncepcje ulepszania produkt\u00f3w i us\u0142ug. Badamy konkurencj\u0119, analizujemy dane i kreatywnie szukamy rozwi\u0105za\u0144 problem\u00f3w. Projektujemy atrakcyjn\u0105 komunikacj\u0119 sprzeda\u017cow\u0105, marketingow\u0105, reklamow\u0105 i public relations.<\/p>\n","protected":false},"excerpt":{"rendered":"<p>G\u0142\u00f3wnym obszarem dzia\u0142ania studia projektowego CAMY jest wdra\u017canie us\u0142ugi i produkt\u00f3w ekologicznych. Tworzymy i wdra\u017camy w \u017cycie koncepcj\u0119 samowystarczalnego ma\u0142ego gospodarstwa ekologicznego. Wzorcowym przyk\u0142adem s\u0105 Anielskie Ogrody. Tworzymy platform\u0119 edukacyjn\u0105 Akademia Anielskich Ogrod\u00f3w. Akademia Anielskich Ogrod\u00f3w: warsztaty i pokazy ogrodnictwa ekologicznego w ogrodzie przydomowym, szkolenia i kursy ogrodnicze przez internet, rolnictwo ekologiczne, permakultura, agrole\u015bnictwo. Realizujemy&#8230;<\/p>\n","protected":false},"author":1,"featured_media":0,"parent":0,"menu_order":0,"comment_status":"closed","ping_status":"closed","template":"","meta":{"_kad_post_transparent":"","_kad_post_title":"","_kad_post_layout":"","_kad_post_sidebar_id":"","_kad_post_content_style":"","_kad_post_vertical_padding":"","_kad_post_feature":"","_kad_post_feature_position":"","_kad_post_header":false,"_kad_post_footer":false,"footnotes":""},"folder":[],"class_list":["post-7","page","type-page","status-publish","hentry"],"_links":{"self":[{"href":"https:\/\/camy.pl\/index.php\/wp-json\/wp\/v2\/pages\/7","targetHints":{"allow":["GET"]}}],"collection":[{"href":"https:\/\/camy.pl\/index.php\/wp-json\/wp\/v2\/pages"}],"about":[{"href":"https:\/\/camy.pl\/index.php\/wp-json\/wp\/v2\/types\/page"}],"author":[{"embeddable":true,"href":"https:\/\/camy.pl\/index.php\/wp-json\/wp\/v2\/users\/1"}],"replies":[{"embeddable":true,"href":"https:\/\/camy.pl\/index.php\/wp-json\/wp\/v2\/comments?post=7"}],"version-history":[{"count":4,"href":"https:\/\/camy.pl\/index.php\/wp-json\/wp\/v2\/pages\/7\/revisions"}],"predecessor-version":[{"id":331,"href":"https:\/\/camy.pl\/index.php\/wp-json\/wp\/v2\/pages\/7\/revisions\/331"}],"wp:attachment":[{"href":"https:\/\/camy.pl\/index.php\/wp-json\/wp\/v2\/media?parent=7"}],"wp:term":[{"taxonomy":"folder","embeddable":true,"href":"https:\/\/camy.pl\/index.php\/wp-json\/wp\/v2\/folder?post=7"}],"curies":[{"name":"wp","href":"https:\/\/api.w.org\/{rel}","templated":true}]}}