{"id":334,"date":"2023-10-11T10:15:35","date_gmt":"2023-10-11T08:15:35","guid":{"rendered":"https:\/\/camy.pl\/?page_id=334"},"modified":"2023-10-11T10:26:10","modified_gmt":"2023-10-11T08:26:10","slug":"anielskie-ogrody-sferyczne","status":"publish","type":"page","link":"https:\/\/camy.pl\/index.php\/anielskie-ogrody-sferyczne\/","title":{"rendered":"Anielskie Ogrody Sferyczne"},"content":{"rendered":"\n<p>Anielskie Ogrody Sferyczne tworz\u0105 bardzo dobre warunki do ekologicznej uprawy ro\u015blin pod os\u0142onami. Daj\u0105 naturalne o\u015bwietlenie od wschodu do zachodu s\u0142o\u0144ca. Geo-kopu\u0142y szybko si\u0119 nagrzewaj\u0105, a powstaj\u0105c\u0105 w nich ciep\u0142\u0105 poduszk\u0105 powietrzn\u0105 \u0142atwo regulowa\u0107 r\u0119cznie i automatycznie. Dodatkowe wyposa\u017cenie wspieraj\u0105 pewno\u015b\u0107 uzyskania plon\u00f3w.<br>Oferujemy kompleksow\u0105 us\u0142ug\u0119 od okre\u015blenia potrzeb, przez projekt, wykonanie, monta\u017c oraz szkolenia w ogrodzie i online w zakresie eko-uprawy warzyw, zi\u00f3\u0142 i owoc\u00f3w.<\/p>\n\n\n\n<p>W Budachowie, po um\u00f3wieniu si\u0119 na spotkanie, mo\u017cna zobaczy\u0107 &#8222;Prototyp Geuokopu\u0142y Z Regulowanym \u015arodowiskiem Termiczno-Akustyczno-\u015awietlno-Wilgotno\u015bciowym&#8221; zrealizowany przez CAMY Bogdan Kasperski (Obecnie ANIELSKIE OGRODY Bogdan Kasperski). Wysoko\u015b\u0107 wk\u0142adu Unii Europejskiej: 99 450,00 PLN<\/p>\n\n\n\n<figure class=\"wp-block-image size-full\"><img loading=\"lazy\" decoding=\"async\" width=\"1056\" height=\"119\" src=\"https:\/\/camy.pl\/wp-content\/uploads\/2023\/10\/logo-projektu.jpg\" alt=\"\" class=\"wp-image-325\" srcset=\"https:\/\/camy.pl\/wp-content\/uploads\/2023\/10\/logo-projektu.jpg 1056w, https:\/\/camy.pl\/wp-content\/uploads\/2023\/10\/logo-projektu-320x36.jpg 320w, https:\/\/camy.pl\/wp-content\/uploads\/2023\/10\/logo-projektu-768x87.jpg 768w\" sizes=\"auto, (max-width: 1056px) 100vw, 1056px\" \/><\/figure>\n\n\n\n<figure class=\"wp-block-image size-full\"><img loading=\"lazy\" decoding=\"async\" width=\"1920\" height=\"1920\" src=\"https:\/\/camy.pl\/wp-content\/uploads\/2023\/10\/Anielskie-Ogrody-sferyczne-221024-165517.jpg\" alt=\"\" class=\"wp-image-338\" srcset=\"https:\/\/camy.pl\/wp-content\/uploads\/2023\/10\/Anielskie-Ogrody-sferyczne-221024-165517.jpg 1920w, https:\/\/camy.pl\/wp-content\/uploads\/2023\/10\/Anielskie-Ogrody-sferyczne-221024-165517-320x320.jpg 320w, https:\/\/camy.pl\/wp-content\/uploads\/2023\/10\/Anielskie-Ogrody-sferyczne-221024-165517-160x160.jpg 160w, https:\/\/camy.pl\/wp-content\/uploads\/2023\/10\/Anielskie-Ogrody-sferyczne-221024-165517-768x768.jpg 768w, https:\/\/camy.pl\/wp-content\/uploads\/2023\/10\/Anielskie-Ogrody-sferyczne-221024-165517-1536x1536.jpg 1536w\" sizes=\"auto, (max-width: 1920px) 100vw, 1920px\" \/><\/figure>\n","protected":false},"excerpt":{"rendered":"<p>Anielskie Ogrody Sferyczne tworz\u0105 bardzo dobre warunki do ekologicznej uprawy ro\u015blin pod os\u0142onami. Daj\u0105 naturalne o\u015bwietlenie od wschodu do zachodu s\u0142o\u0144ca. Geo-kopu\u0142y szybko si\u0119 nagrzewaj\u0105, a powstaj\u0105c\u0105 w nich ciep\u0142\u0105 poduszk\u0105 powietrzn\u0105 \u0142atwo regulowa\u0107 r\u0119cznie i automatycznie. Dodatkowe wyposa\u017cenie wspieraj\u0105 pewno\u015b\u0107 uzyskania plon\u00f3w.Oferujemy kompleksow\u0105 us\u0142ug\u0119 od okre\u015blenia potrzeb, przez projekt, wykonanie, monta\u017c oraz szkolenia w&#8230;<\/p>\n","protected":false},"author":1,"featured_media":0,"parent":0,"menu_order":0,"comment_status":"closed","ping_status":"closed","template":"","meta":{"_kad_post_transparent":"","_kad_post_title":"","_kad_post_layout":"","_kad_post_sidebar_id":"","_kad_post_content_style":"","_kad_post_vertical_padding":"","_kad_post_feature":"","_kad_post_feature_position":"","_kad_post_header":false,"_kad_post_footer":false,"footnotes":""},"folder":[],"class_list":["post-334","page","type-page","status-publish","hentry"],"_links":{"self":[{"href":"https:\/\/camy.pl\/index.php\/wp-json\/wp\/v2\/pages\/334","targetHints":{"allow":["GET"]}}],"collection":[{"href":"https:\/\/camy.pl\/index.php\/wp-json\/wp\/v2\/pages"}],"about":[{"href":"https:\/\/camy.pl\/index.php\/wp-json\/wp\/v2\/types\/page"}],"author":[{"embeddable":true,"href":"https:\/\/camy.pl\/index.php\/wp-json\/wp\/v2\/users\/1"}],"replies":[{"embeddable":true,"href":"https:\/\/camy.pl\/index.php\/wp-json\/wp\/v2\/comments?post=334"}],"version-history":[{"count":5,"href":"https:\/\/camy.pl\/index.php\/wp-json\/wp\/v2\/pages\/334\/revisions"}],"predecessor-version":[{"id":342,"href":"https:\/\/camy.pl\/index.php\/wp-json\/wp\/v2\/pages\/334\/revisions\/342"}],"wp:attachment":[{"href":"https:\/\/camy.pl\/index.php\/wp-json\/wp\/v2\/media?parent=334"}],"wp:term":[{"taxonomy":"folder","embeddable":true,"href":"https:\/\/camy.pl\/index.php\/wp-json\/wp\/v2\/folder?post=334"}],"curies":[{"name":"wp","href":"https:\/\/api.w.org\/{rel}","templated":true}]}}